{"id":2536,"date":"2025-05-05T23:35:45","date_gmt":"2025-05-05T23:35:45","guid":{"rendered":"https:\/\/bodasydecoraciones.com\/?page_id=2536"},"modified":"2025-05-05T23:45:42","modified_gmt":"2025-05-05T23:45:42","slug":"decoracion-de-techos-y-mesas-principales-para-bodas-y-quince-anos-en-bogota","status":"publish","type":"page","link":"https:\/\/bodasydecoraciones.com\/index.php\/decoracion-de-techos-y-mesas-principales-para-bodas-y-quince-anos-en-bogota\/","title":{"rendered":"Decoracion de techos y mesas principales para bodas y quince a\u00f1os en Bogot\u00e1"},"content":{"rendered":"<p>[vc_row full_width=&#8221;stretch_row_content&#8221;][vc_column][vc_empty_space height=&#8221;1em&#8221;]<div class=\"sc_promo margin_top_medium scheme_dark sc_promo_size_large\"><div class=\"sc_promo_inner\"><div class=\"sc_promo_image\" style=\"background-image:url(https:\/\/bodasydecoraciones.com\/wp-content\/uploads\/2025\/04\/Imagen-de-WhatsApp-2025-04-04-a-las-16.59.04_be28ed6e.jpg);width:50%;left: 0;\"><\/div><div class=\"sc_promo_block sc_align_left\" style=\"width: 50%; float: right;\"><div class=\"sc_promo_block_inner\"><h2 class=\"sc_promo_title sc_item_title sc_item_title_with_descr\">Decoraci\u00f3n de Mesas Principales<\/h2><div class=\"sc_promo_descr sc_item_descr\">En Banquetes Bogot\u00e1, entendemos que las mesas principales son el centro de atenci\u00f3n de cualquier evento. Dise\u00f1amos decoraciones \u00fanicas y elegantes que capturan la esencia de tu celebraci\u00f3n.<\/p>\n<p>Dise\u00f1os Personalizados: Creamos conceptos decorativos que se adaptan al tema de tu evento.<br \/>\nDetalles \u00danicos: Centros de mesa, manteler\u00eda y accesorios cuidadosamente seleccionados.<br \/>\nAmbientaci\u00f3n Sofisticada: Iluminaci\u00f3n y elementos decorativos que realzan el protagonismo de la mesa principal.<br \/>\nYa sea para bodas, quince a\u00f1os o eventos empresariales, garantizamos un dise\u00f1o que dejar\u00e1 una impresi\u00f3n inolvidable en tus invitados.n.<\/div><div class=\"sc_promo_content\"><div class=\"sc_line sc_line_position_center_center sc_line_style_image margin_top_medium margin_bottom_medium\" style=\"height:4px;background-image: url(https:\/\/bodasydecoraciones.com\/wp-content\/uploads\/2016\/06\/dot_line_round.png);background-repeat: repeat-x;\"><\/div><\/div><\/div><\/div><\/div><\/div>[\/vc_column][\/vc_row][vc_row full_width=&#8221;stretch_row_content&#8221;][vc_column][vc_empty_space height=&#8221;1em&#8221;]<div class=\"sc_promo margin_top_medium scheme_dark sc_promo_size_large\"><div class=\"sc_promo_inner\"><div class=\"sc_promo_image\" style=\"background-image:url(https:\/\/bodasydecoraciones.com\/wp-content\/uploads\/2025\/05\/492509665a90bdbfc7a81d36a4e27e70.jpg);width:50%;left: 0;\"><\/div><div class=\"sc_promo_block sc_align_left\" style=\"width: 50%; float: right;\"><div class=\"sc_promo_block_inner\"><h2 class=\"sc_promo_title sc_item_title sc_item_title_with_descr\">Decoraci\u00f3n de Techos<\/h2><div class=\"sc_promo_descr sc_item_descr\">La decoraci\u00f3n de techos es una forma elegante de transformar completamente un espacio. En `{`Nombre de tu Empresa`}`, dise\u00f1amos soluciones creativas y sofisticadas que a\u00f1aden un toque m\u00e1gico a tu evento.<\/p>\n<p>Telas y Guirnaldas: Telas suaves, luces colgantes y guirnaldas que crean un ambiente c\u00e1lido y acogedor.<br \/>\nInstalaciones Florales: Dise\u00f1os florales suspendidos que aportan un estilo natural y lujoso.<br \/>\nIluminaci\u00f3n Personalizada: Luces colgantes, l\u00e1mparas decorativas y efectos de iluminaci\u00f3n que resaltan la tem\u00e1tica del evento.<br \/>\nConceptos Tem\u00e1ticos: Desde techos rom\u00e1nticos para bodas hasta dise\u00f1os vibrantes para quince a\u00f1os, adaptamos cada detalle a tu visi\u00f3n.<br \/>\nDeja que nuestros expertos en decoraci\u00f3n de techos creen un entorno espectacular que impresionar\u00e1 a tus invitados desde el primer momento.<\/div><div class=\"sc_promo_content\"><div class=\"sc_line sc_line_position_center_center sc_line_style_image margin_top_medium margin_bottom_medium\" style=\"height:4px;background-image: url(https:\/\/bodasydecoraciones.com\/wp-content\/uploads\/2016\/06\/dot_line_round.png);background-repeat: repeat-x;\"><\/div><\/div><\/div><\/div><\/div><\/div>[\/vc_column][\/vc_row]<\/p>\n","protected":false},"excerpt":{"rendered":"<p>[vc_row full_width=&#8221;stretch_row_content&#8221;][vc_column][vc_empty_space height=&#8221;1em&#8221;][\/vc_column][\/vc_row][vc_row full_width=&#8221;stretch_row_content&#8221;][vc_column][vc_empty_space height=&#8221;1em&#8221;][\/vc_column][\/vc_row]<\/p>\n","protected":false},"author":1,"featured_media":0,"parent":0,"menu_order":0,"comment_status":"closed","ping_status":"open","template":"","meta":{"om_disable_all_campaigns":false,"_monsterinsights_skip_tracking":false,"_monsterinsights_sitenote_active":false,"_monsterinsights_sitenote_note":"","_monsterinsights_sitenote_category":0,"footnotes":""},"class_list":["post-2536","page","type-page","status-publish","hentry"],"aioseo_notices":[],"_links":{"self":[{"href":"https:\/\/bodasydecoraciones.com\/index.php\/wp-json\/wp\/v2\/pages\/2536","targetHints":{"allow":["GET"]}}],"collection":[{"href":"https:\/\/bodasydecoraciones.com\/index.php\/wp-json\/wp\/v2\/pages"}],"about":[{"href":"https:\/\/bodasydecoraciones.com\/index.php\/wp-json\/wp\/v2\/types\/page"}],"author":[{"embeddable":true,"href":"https:\/\/bodasydecoraciones.com\/index.php\/wp-json\/wp\/v2\/users\/1"}],"replies":[{"embeddable":true,"href":"https:\/\/bodasydecoraciones.com\/index.php\/wp-json\/wp\/v2\/comments?post=2536"}],"version-history":[{"count":7,"href":"https:\/\/bodasydecoraciones.com\/index.php\/wp-json\/wp\/v2\/pages\/2536\/revisions"}],"predecessor-version":[{"id":2540,"href":"https:\/\/bodasydecoraciones.com\/index.php\/wp-json\/wp\/v2\/pages\/2536\/revisions\/2540"}],"wp:attachment":[{"href":"https:\/\/bodasydecoraciones.com\/index.php\/wp-json\/wp\/v2\/media?parent=2536"}],"curies":[{"name":"wp","href":"https:\/\/api.w.org\/{rel}","templated":true}]}}