{"id":2484,"date":"2025-04-07T03:55:04","date_gmt":"2025-04-07T03:55:04","guid":{"rendered":"https:\/\/bodasydecoraciones.com\/?page_id=2484"},"modified":"2025-04-08T23:39:49","modified_gmt":"2025-04-08T23:39:49","slug":"mesas-de-postres-y-stand-tematicos-para-eventos-en-bogota","status":"publish","type":"page","link":"https:\/\/bodasydecoraciones.com\/index.php\/mesas-de-postres-y-stand-tematicos-para-eventos-en-bogota\/","title":{"rendered":"Mesas de postres y Stand tematicos para eventos en Bogot\u00e1"},"content":{"rendered":"<p>[vc_row][vc_column][vc_raw_html]JTVCZm9vZ2FsbGVyeSUyMGlkJTNEJTIyMjQ4OCUyMiU1RA==[\/vc_raw_html][vc_empty_space][\/vc_column][\/vc_row][vc_row full_width=&#8221;stretch_row_content&#8221;][vc_column width=&#8221;1\/3&#8243;][vc_column_text]<strong>Backing tem\u00e1tico<\/strong><br \/>\nEstrutura met\u00e1lica o en madera<br \/>\nArco Org\u00e1nico Globos Sempertex (Colores a Elegir)<br \/>\nJuego Mesa Tubulares x 5 (Principal, Auxiliares)<br \/>\n2 Cilindros<br \/>\nTapete<br \/>\n3 Bases para arreglo Floral<br \/>\nBase Para Ponqu\u00e9<br \/>\n6 Base Para Postres (en caso de ser Requeridas)<br \/>\nNombre Homenajeado en letras de 70 de alto<br \/>\nLetras happy \/ bautizo \/grado\/ nuestyra boda \/ p comuni\u00f3n \/happy day Luminosas<br \/>\n10 Accesorios decorativos Tem\u00e1ticos ( Figuras )<br \/>\n1 Luz par led para Fondo<br \/>\nTransporte en Bogot\u00e1, montaje y desmontaje. (Todo el Mismo d\u00eda, todos los accesorios son en alquiler,)[\/vc_column_text][\/vc_column][vc_column width=&#8221;1\/3&#8243;][vc_column_text]80 postres en total (20 Postres de cada referencia)<br \/>\n+ 3 Referencia de postres chots donitas<br \/>\n+ 1 referencia de postres pettit macarrons<br \/>\n$ 249.000 Adicionales a la mesa &#8211; stand<\/p>\n<p>140 postres en total (35 Postres de cada referencia)<br \/>\n+ 3 Referencia de postres + 1 referencia de postres Deluxe<br \/>\n$ 399.000 Adicionales a la mesa<\/p>\n<p>Ver referencias de postres a continuaci\u00f3n en<br \/>\n\u201cLISTA DE POSTRES\u201d[\/vc_column_text][\/vc_column][vc_column width=&#8221;1\/3&#8243;][vc_column_text]<strong>Lista de Postres<\/strong><\/p>\n<p>&#8211; Shot 1.5 onzas de Baileys<br \/>\n&#8211; Shot 1.5 onzas de Pie de Lim\u00f3n<br \/>\n&#8211; Galletas Decoradas Fondant<br \/>\n&#8211; Oreo Ba\u00f1ada en Chocolate y Fondant<br \/>\n&#8211; Mini Pavlova rellena de Chantill\u00ed y Fresas<br \/>\n&#8211; Tartaleta rellena de crema pastelera y fruta fresca<br \/>\n&#8211; Panacota de Yogurth griego con mango y durazno<\/p>\n<p><strong>Postres L\u00ednea Petit<\/strong><\/p>\n<p>-Macarons<br \/>\n-Cake Pops<br \/>\n-Paletas Magnum<br \/>\n-Brownies Decorados tem\u00e1ticos<br \/>\n-Donuts Ba\u00f1adas en Chocolate[\/vc_column_text][\/vc_column][\/vc_row]<\/p>\n","protected":false},"excerpt":{"rendered":"<p>[vc_row][vc_column][vc_raw_html]JTVCZm9vZ2FsbGVyeSUyMGlkJTNEJTIyMjQ4OCUyMiU1RA==[\/vc_raw_html][vc_empty_space][\/vc_column][\/vc_row][vc_row full_width=&#8221;stretch_row_content&#8221;][vc_column width=&#8221;1\/3&#8243;][vc_column_text]Backing tem\u00e1tico Estrutura met\u00e1lica o en madera Arco Org\u00e1nico Globos Sempertex (Colores a Elegir) Juego Mesa Tubulares x 5 (Principal, Auxiliares) 2 Cilindros Tapete 3 Bases para arreglo Floral Base Para Ponqu\u00e9 6 Base Para Postres (en caso de ser Requeridas) Nombre Homenajeado en letras de 70 de alto Letras happy \/ bautizo [&hellip;]<\/p>\n","protected":false},"author":1,"featured_media":0,"parent":0,"menu_order":0,"comment_status":"closed","ping_status":"closed","template":"","meta":{"om_disable_all_campaigns":false,"_monsterinsights_skip_tracking":false,"_monsterinsights_sitenote_active":false,"_monsterinsights_sitenote_note":"","_monsterinsights_sitenote_category":0,"footnotes":""},"class_list":["post-2484","page","type-page","status-publish","hentry"],"aioseo_notices":[],"_links":{"self":[{"href":"https:\/\/bodasydecoraciones.com\/index.php\/wp-json\/wp\/v2\/pages\/2484","targetHints":{"allow":["GET"]}}],"collection":[{"href":"https:\/\/bodasydecoraciones.com\/index.php\/wp-json\/wp\/v2\/pages"}],"about":[{"href":"https:\/\/bodasydecoraciones.com\/index.php\/wp-json\/wp\/v2\/types\/page"}],"author":[{"embeddable":true,"href":"https:\/\/bodasydecoraciones.com\/index.php\/wp-json\/wp\/v2\/users\/1"}],"replies":[{"embeddable":true,"href":"https:\/\/bodasydecoraciones.com\/index.php\/wp-json\/wp\/v2\/comments?post=2484"}],"version-history":[{"count":7,"href":"https:\/\/bodasydecoraciones.com\/index.php\/wp-json\/wp\/v2\/pages\/2484\/revisions"}],"predecessor-version":[{"id":2528,"href":"https:\/\/bodasydecoraciones.com\/index.php\/wp-json\/wp\/v2\/pages\/2484\/revisions\/2528"}],"wp:attachment":[{"href":"https:\/\/bodasydecoraciones.com\/index.php\/wp-json\/wp\/v2\/media?parent=2484"}],"curies":[{"name":"wp","href":"https:\/\/api.w.org\/{rel}","templated":true}]}}