{"id":22,"date":"2016-06-15T09:14:46","date_gmt":"2016-06-15T09:14:46","guid":{"rendered":"http:\/\/bodasydecoraciones.com\/?page_id=22"},"modified":"2026-01-29T02:34:39","modified_gmt":"2026-01-29T02:34:39","slug":"nuestra-carta-menu-buffet-en-bogota-catering","status":"publish","type":"page","link":"https:\/\/bodasydecoraciones.com\/index.php\/nuestra-carta-menu-buffet-en-bogota-catering\/","title":{"rendered":"Carta Men\u00fa"},"content":{"rendered":"<p>[vc_row full_width=&#8221;stretch_row_content&#8221;][vc_column]<h1 class=\"sc_title sc_title_regular sc_align_center margin_top_large margin_bottom_small\" style=\"text-align:center;\"><\/p>\n<h1 class=\"sc_title sc_title_regular sc_align_center margin_top_large margin_bottom_small\">Bienvenido a nuestra carta men\u00fa<\/h1>\n<p><\/h1>[vc_column_text]<\/p>\n<h4 style=\"text-align: center;\"><a href=\"http:\/\/bodasydecoraciones.com\/wp-content\/uploads\/2025\/04\/CARTA-MENU-bodas-y-decoraciones.pdf\" target=\"_blank\" rel=\"noopener\">DESCARGAR NUESTRA CARTA MEN\u00da<\/a><\/h4>\n<h4 style=\"text-align: center;\">Para solicitar informaci\u00f3n sobre nuestra carta men\u00fa por favor cont\u00e1ctanos al 3143319695 o agenda una cita en nuestras oficinas.<\/h4>\n<p>[\/vc_column_text][mvc_advanced_button align=&#8221;center&#8221; btn_text=&#8221;WHATSAPP&#8221; border_style=&#8221;dotted&#8221; btn_icon=&#8221;fas fa-comment-dots&#8221; btn_clr=&#8221;#ffffff&#8221; btn_bg=&#8221;#dd8585&#8243; btn_hvrclr=&#8221;#dd3333&#8243; btn_radius=&#8221;14&#8243; btn_url=&#8221;url:https%3A%2F%2Fapi.whatsapp.com%2Fsend%3Fphone%3D573143319695|||&#8221;][\/vc_column][\/vc_row]<\/p>\n","protected":false},"excerpt":{"rendered":"<p>[vc_row full_width=&#8221;stretch_row_content&#8221;][vc_column][vc_column_text] DESCARGAR NUESTRA CARTA MEN\u00da Para solicitar informaci\u00f3n sobre nuestra carta men\u00fa por favor cont\u00e1ctanos al 3143319695 o agenda una cita en nuestras oficinas. [\/vc_column_text][mvc_advanced_button align=&#8221;center&#8221; btn_text=&#8221;WHATSAPP&#8221; border_style=&#8221;dotted&#8221; btn_icon=&#8221;fas fa-comment-dots&#8221; btn_clr=&#8221;#ffffff&#8221; btn_bg=&#8221;#dd8585&#8243; btn_hvrclr=&#8221;#dd3333&#8243; btn_radius=&#8221;14&#8243; btn_url=&#8221;url:https%3A%2F%2Fapi.whatsapp.com%2Fsend%3Fphone%3D573143319695|||&#8221;][\/vc_column][\/vc_row]<\/p>\n","protected":false},"author":1,"featured_media":0,"parent":0,"menu_order":0,"comment_status":"closed","ping_status":"closed","template":"","meta":{"om_disable_all_campaigns":false,"_monsterinsights_skip_tracking":false,"_monsterinsights_sitenote_active":false,"_monsterinsights_sitenote_note":"","_monsterinsights_sitenote_category":0,"footnotes":""},"class_list":["post-22","page","type-page","status-publish","hentry"],"aioseo_notices":[],"_links":{"self":[{"href":"https:\/\/bodasydecoraciones.com\/index.php\/wp-json\/wp\/v2\/pages\/22","targetHints":{"allow":["GET"]}}],"collection":[{"href":"https:\/\/bodasydecoraciones.com\/index.php\/wp-json\/wp\/v2\/pages"}],"about":[{"href":"https:\/\/bodasydecoraciones.com\/index.php\/wp-json\/wp\/v2\/types\/page"}],"author":[{"embeddable":true,"href":"https:\/\/bodasydecoraciones.com\/index.php\/wp-json\/wp\/v2\/users\/1"}],"replies":[{"embeddable":true,"href":"https:\/\/bodasydecoraciones.com\/index.php\/wp-json\/wp\/v2\/comments?post=22"}],"version-history":[{"count":22,"href":"https:\/\/bodasydecoraciones.com\/index.php\/wp-json\/wp\/v2\/pages\/22\/revisions"}],"predecessor-version":[{"id":20861,"href":"https:\/\/bodasydecoraciones.com\/index.php\/wp-json\/wp\/v2\/pages\/22\/revisions\/20861"}],"wp:attachment":[{"href":"https:\/\/bodasydecoraciones.com\/index.php\/wp-json\/wp\/v2\/media?parent=22"}],"curies":[{"name":"wp","href":"https:\/\/api.w.org\/{rel}","templated":true}]}}